{"id":591,"date":"2020-07-05T22:37:14","date_gmt":"2020-07-05T20:37:14","guid":{"rendered":"http:\/\/freiluftzimmer.eu\/?page_id=591"},"modified":"2020-09-10T12:41:41","modified_gmt":"2020-09-10T12:41:41","slug":"calendrier","status":"publish","type":"page","link":"https:\/\/freiluftzimmer.eu\/fr\/calendrier\/","title":{"rendered":"Calendrier"},"content":{"rendered":"<div id=\"about-us-2\" class=\"about-image-section-pro\" style=\"background-color: #ffffff;\" data-label=\"About us\" data-id=\"about-image-section-pro\" data-category=\"about\">\n<div class=\"gridContainer\">\n<div class=\"row about-image-gridcol-pro\">\n<div class=\"about-image-textcol-pro\" data-type=\"column\">\n<h2 class=\"\">Vous pouvez r\u00e9server\n\nla chambre en plein air pour 30 minutes.<\/h2>\nParticipation gratuite, les dons sont bienvenus.\n\nVos actions dans la chambre en plein air seront accompagn\u00e9es et film\u00e9es par nos soins. La minute la plus captivante sera \u00e9dit\u00e9e de mani\u00e8re professionnelle et publi\u00e9e sur ce site web.\n\nVous pouvez venir seul, ou avec 5 autres personnes au maximum. Si vous vivez avec plus de gens, il peut y en avoir plus. Si vous souhaitez faire venir votre chorale, votre \u00e9quipe ou votre troupe de th\u00e9\u00e2tre, veuillez nous contacter au pr\u00e9alable. Nous avons d\u00e9j\u00e0 r\u00e9fl\u00e9chi \u00e0 la mani\u00e8re dont des groupes plus grands peuvent \u00e9galement participer au projet, en respectant les r\u00e8gles de distance!\n\nPour publier le mat\u00e9riel vid\u00e9o, nous avons besoin de votre d\u00e9claration de consentement.\n\n<\/div>\n<\/div>\n<div class=\"row about-image-gridcol-pro\">\n<div class=\"about-image-textcol-pro\" data-type=\"column\">\n\n<a class=\"button color1\" href=\"https:\/\/freiluftzimmer.eu\/wp-content\/uploads\/2020\/07\/Declaration_de_consentement-1.pdf\" target=\"_blank\" rel=\"noopener noreferrer\" data-icon=\"fa-calendar-check-o\">Vers la d\u00e9claration de consentement<\/a>\n<p class=\"\"><span style=\"text-decoration: underline;\"><span style=\"font-weight: 600;\">POTSDAM<\/span><\/span><\/p>\n<p class=\"\"><span style=\"font-weight: 600;\">Rechenzentrum, Dortustra\u00dfe 46, 14467 Potsdam\u00a0<\/span><\/p>\n<p class=\"\"><span style=\"font-weight: 600;\">18. + 19.09.2020<\/span>\n10:00 \u2013 19:00 heures<\/p>\n\n\nS\u00e9lectionnez un jour dans le calendrier et cliquez sur une heure disponible pour r\u00e9server.\n<div class=\"\" data-editable=\"true\" data-name=\"ope-widgets-area\" data-content-shortcode=\"ope_display_widgets_area id=&quot;ope_pro_users_custom_widgets_area_4&quot; \"><div data-name=\"ope-widgets-area\"><div id=\"custom_html-5\" class=\"widget_text widget widget_custom_html\"><div class=\"textwidget custom-html-widget\"><script src=\"\/\/simplybook.it\/v2\/widget\/widget.js\"><\/script>\r\n<script>var widget = new SimplybookWidget({\"widget_type\":\"iframe\",\"url\":\"https:\\\/\\\/freiluftzimmer.simplybook.it\",\"theme\":\"blur\",\"theme_settings\":{\"timeline_hide_unavailable\":\"0\",\"timeline_modern_display\":\"as_slots\",\"sb_base_color\":\"#e68c75\",\"display_item_mode\":\"block\",\"body_bg_color\":\"#f7f7f7\",\"dark_font_color\":\"#494949\",\"light_font_color\":\"#ffffff\",\"sb_company_label_color\":\"#111111\",\"hide_img_mode\":\"0\",\"sb_busy\":\"#dad2ce\",\"sb_available\":\"#f0e2d1\"},\"timeline\":\"modern\",\"datepicker\":\"top_calendar\",\"is_rtl\":false,\"app_config\":{\"predefined\":{\"provider\":\"1\",\"service\":\"2\"}}});<\/script><\/div><\/div><\/div><\/div>\n<div class=\"spacer\" data-type=\"group\"><\/div>\n<h4 class=\"\">Soutenir le projet par un don<\/h4>\n<div class=\"\" data-editable=\"true\" data-name=\"ope-widgets-area\" data-content-shortcode=\"ope_display_widgets_area id=&quot;ope_pro_users_custom_widgets_area_6&quot; \"><div data-name=\"ope-widgets-area\"><div id=\"custom_html-6\" class=\"widget_text widget widget_custom_html\"><div class=\"textwidget custom-html-widget\"><div align=\"center\">\r\n<form action=\"https:\/\/www.paypal.com\/cgi-bin\/webscr\" method=\"post\" target=\"_top\">\r\n<input type=\"hidden\" name=\"cmd\" value=\"_s-xclick\">\r\n<input type=\"hidden\" name=\"hosted_button_id\" value=\"FNWXLSHNG82BN\">\r\n<input type=\"image\" src=\"https:\/\/www.paypalobjects.com\/de_DE\/DE\/i\/btn\/btn_donateCC_LG.gif\" border=\"0\" name=\"submit\" title=\"PayPal - The safer, easier way to pay online!\" alt=\"Spenden mit dem PayPal-Button\">\r\n<img loading=\"lazy\" decoding=\"async\" alt=\"\" border=\"0\" src=\"https:\/\/www.paypal.com\/de_DE\/i\/scr\/pixel.gif\" width=\"1\" height=\"1\">\r\n<\/form>\r\n<\/div><\/div><\/div><\/div><\/div>\n<\/div>\n<div class=\"\" data-type=\"column\">\n<div class=\"\" data-editable=\"true\" data-name=\"ope-widgets-area\" data-content-shortcode=\"ope_display_widgets_area id=&quot;ope_pro_users_custom_widgets_area_0&quot; \"><div data-name=\"ope-widgets-area\"><\/div><\/div>\n<\/div>\n<\/div>\n<\/div>\n<\/div>\n<div id=\"footer\" class=\"about-image-section-pro about-image-section-pro-1\" style=\"background-color: #ffffff; background-image: none;\" data-label=\"Footer\" data-id=\"about-image-section-pro-1\" data-category=\"about\" data-ovid=\"ovid-footer-148\">\n<div class=\"gridContainer\">\n<div class=\"row about-image-gridcol-pro\">\n<div class=\"about-image-textcol-pro\" data-type=\"column\"><\/div>\n<div class=\"\" data-type=\"column\">\n<div class=\"\" data-editable=\"true\" data-name=\"ope-widgets-area\" data-content-shortcode=\"ope_display_widgets_area id=&quot;ope_pro_users_custom_widgets_area_5&quot; \"><div data-name=\"ope-widgets-area\"><div id=\"nav_menu-6\" class=\"widget widget_nav_menu\"><div class=\"menu-footer-fr-container\"><ul id=\"menu-footer-fr\" class=\"menu\"><li id=\"menu-item-625\" class=\"menu-item menu-item-type-post_type menu-item-object-page menu-item-625\"><a href=\"https:\/\/freiluftzimmer.eu\/fr\/mentions-legales\/\">Mentions l\u00e9gales<\/a><\/li>\n<li id=\"menu-item-624\" class=\"menu-item menu-item-type-post_type menu-item-object-page menu-item-624\"><a href=\"https:\/\/freiluftzimmer.eu\/fr\/politique-de-confidentialite\/\">Politique de confidentialit\u00e9<\/a><\/li>\n<li id=\"menu-item-623\" class=\"menu-item menu-item-type-post_type menu-item-object-page menu-item-623\"><a href=\"https:\/\/freiluftzimmer.eu\/fr\/partenaire\/\">Partenaires<\/a><\/li>\n<\/ul><\/div><\/div><\/div><\/div>\n<\/div>\n<\/div>\n<\/div>\n<\/div>","protected":false},"excerpt":{"rendered":"<p>Vous pouvez r\u00e9server la chambre en plein air pour 30 minutes. Participation gratuite, les dons sont bienvenus. Vos actions dans la chambre en plein air seront accompagn\u00e9es et film\u00e9es par nos soins. La minute la plus captivante sera \u00e9dit\u00e9e de mani\u00e8re professionnelle et publi\u00e9e sur ce site web. Vous pouvez venir seul, ou avec 5&hellip; <br \/> <a class=\"button small blue\" href=\"https:\/\/freiluftzimmer.eu\/fr\/calendrier\/\">Lire la suite<\/a><\/p>\n","protected":false},"author":1,"featured_media":0,"parent":0,"menu_order":0,"comment_status":"closed","ping_status":"closed","template":"full-width-page.php","meta":{"footnotes":""},"class_list":["post-591","page","type-page","status-publish","hentry"],"_links":{"self":[{"href":"https:\/\/freiluftzimmer.eu\/fr\/wp-json\/wp\/v2\/pages\/591","targetHints":{"allow":["GET"]}}],"collection":[{"href":"https:\/\/freiluftzimmer.eu\/fr\/wp-json\/wp\/v2\/pages"}],"about":[{"href":"https:\/\/freiluftzimmer.eu\/fr\/wp-json\/wp\/v2\/types\/page"}],"author":[{"embeddable":true,"href":"https:\/\/freiluftzimmer.eu\/fr\/wp-json\/wp\/v2\/users\/1"}],"replies":[{"embeddable":true,"href":"https:\/\/freiluftzimmer.eu\/fr\/wp-json\/wp\/v2\/comments?post=591"}],"version-history":[{"count":22,"href":"https:\/\/freiluftzimmer.eu\/fr\/wp-json\/wp\/v2\/pages\/591\/revisions"}],"predecessor-version":[{"id":837,"href":"https:\/\/freiluftzimmer.eu\/fr\/wp-json\/wp\/v2\/pages\/591\/revisions\/837"}],"wp:attachment":[{"href":"https:\/\/freiluftzimmer.eu\/fr\/wp-json\/wp\/v2\/media?parent=591"}],"curies":[{"name":"wp","href":"https:\/\/api.w.org\/{rel}","templated":true}]}}