{"id":576,"date":"2020-07-05T22:27:41","date_gmt":"2020-07-05T20:27:41","guid":{"rendered":"http:\/\/freiluftzimmer.eu\/?page_id=576"},"modified":"2020-07-06T13:01:26","modified_gmt":"2020-07-06T11:01:26","slug":"mentions-legales","status":"publish","type":"page","link":"https:\/\/freiluftzimmer.eu\/fr\/mentions-legales\/","title":{"rendered":"Mentions l\u00e9gales"},"content":{"rendered":"\n<h2 class=\"wp-block-heading\">Mentions l\u00e9gales<\/h2>\n\n\n\n<p><strong>Responsable du contenu:<\/strong><br>Ludovic Fourest \/ Tanzparcours <br>Am Neuen Garten 5, <br>14469 Potsdam Deutschland<br><a rel=\"noreferrer noopener\" href=\"mailto:contact@freiluftzimmer.eu\" target=\"_blank\">contact@freiluftzimmer.eu<\/a><\/p>\n\n\n\n<p><strong>Mise en \u0153uvre du site web: <\/strong><br>Swen St\u00f6tzer  \/  swen.stoetzer(at)gmail.com<\/p>\n\n\n\n<h2 class=\"wp-block-heading\">Clause de non-responsabilit\u00e9<\/h2>\n\n\n\n<h3 class=\"wp-block-heading\">1. contenu de l&rsquo;offre en ligne<\/h3>\n\n\n\n<p>L&rsquo;auteur d\u00e9cline toute responsabilit\u00e9 quant \u00e0 l&rsquo;actualit\u00e9, l&rsquo;exactitude, l&rsquo;exhaustivit\u00e9 ou la qualit\u00e9 des informations fournies. Les pr\u00e9tentions en responsabilit\u00e9 contre l&rsquo;auteur, qui se r\u00e9f\u00e8rent \u00e0 des dommages mat\u00e9riels ou immat\u00e9riels, qui ont \u00e9t\u00e9 caus\u00e9s par l&rsquo;utilisation ou la non-utilisation des informations fournies ou par l&rsquo;utilisation d&rsquo;informations incorrectes et incompl\u00e8tes, sont exclues par principe, dans la mesure o\u00f9 il n&rsquo;y a pas de faute intentionnelle ou de n\u00e9gligence grave d\u00e9montrable de la part de l&rsquo;auteur. Toutes les offres sont susceptibles d&rsquo;\u00eatre modifi\u00e9es et non contraignantes. L&rsquo;auteur se r\u00e9serve express\u00e9ment le droit de modifier, de compl\u00e9ter ou de supprimer des parties des pages ou l&rsquo;ensemble de l&rsquo;offre sans annonce pr\u00e9alable ou de cesser la publication temporairement ou d\u00e9finitivement.<\/p>\n\n\n\n<h3 class=\"wp-block-heading\">2. r\u00e9f\u00e9rences et liens<\/h3>\n\n\n\n<p>En cas de renvois directs ou indirects \u00e0 des sites Web externes (\u00ab\u00a0hyperliens\u00a0\u00bb) qui ne rel\u00e8vent pas de la responsabilit\u00e9 de l&rsquo;auteur, une obligation de responsabilit\u00e9 n&rsquo;entrerait en vigueur que si l&rsquo;auteur avait connaissance des contenus et qu&rsquo;il lui \u00e9tait techniquement possible et raisonnable d&#8217;emp\u00eacher l&rsquo;utilisation de contenus ill\u00e9gaux. L&rsquo;auteur d\u00e9clare express\u00e9ment par la pr\u00e9sente qu&rsquo;au moment de la cr\u00e9ation des liens, aucun contenu ill\u00e9gal n&rsquo;\u00e9tait perceptible sur les pages li\u00e9es. L&rsquo;auteur n&rsquo;a aucune influence sur la conception actuelle et future, les contenus ou la paternit\u00e9 des pages li\u00e9es. C&rsquo;est pourquoi il se distancie express\u00e9ment par la pr\u00e9sente de tous les contenus de toutes les pages li\u00e9es\/connect\u00e9es qui ont \u00e9t\u00e9 modifi\u00e9es apr\u00e8s l&rsquo;\u00e9tablissement du lien. Cette d\u00e9claration s&rsquo;applique \u00e0 tous les liens et renvois cr\u00e9\u00e9s au sein de l&rsquo;offre Internet de l&rsquo;auteur ainsi qu&rsquo;aux entr\u00e9es externes dans les livres d&rsquo;or, les forums de discussion, les r\u00e9pertoires de liens, les listes de diffusion et toutes les autres formes de bases de donn\u00e9es mises en place par l&rsquo;auteur, dont le contenu est accessible en \u00e9criture \u00e0 l&rsquo;ext\u00e9rieur. Pour les contenus ill\u00e9gaux, erron\u00e9s ou incomplets et en particulier pour les dommages r\u00e9sultant de l&rsquo;utilisation ou de la non-utilisation de telles informations, seul le fournisseur de la page \u00e0 laquelle il est fait r\u00e9f\u00e9rence est responsable, et non celui qui se contente de faire r\u00e9f\u00e9rence \u00e0 la publication respective par des liens.<\/p>\n\n\n\n<h3 class=\"wp-block-heading\">3. droit d&rsquo;auteur et droit des marques<\/h3>\n\n\n\n<p>L&rsquo;auteur s&rsquo;efforce de respecter les droits d&rsquo;auteur des images, graphiques, documents sonores, s\u00e9quences vid\u00e9o et textes utilis\u00e9s dans toutes les publications, d&rsquo;utiliser des images, graphiques, documents sonores, s\u00e9quences vid\u00e9o et textes cr\u00e9\u00e9s par lui-m\u00eame ou d&rsquo;utiliser des graphiques, documents sonores, s\u00e9quences vid\u00e9o et textes libres de licence. Toutes les marques et marques d\u00e9pos\u00e9es mentionn\u00e9es dans l&rsquo;offre Internet et, le cas \u00e9ch\u00e9ant, prot\u00e9g\u00e9es par des tiers, sont soumises sans restriction aux dispositions du droit des marques respectivement en vigueur et aux droits de propri\u00e9t\u00e9 des propri\u00e9taires enregistr\u00e9s respectifs. La simple mention d&rsquo;une marque ne signifie pas qu&rsquo;elle n&rsquo;est pas prot\u00e9g\u00e9e par les droits des tiers ! Le droit d&rsquo;auteur pour les objets publi\u00e9s cr\u00e9\u00e9s par l&rsquo;auteur lui-m\u00eame reste exclusivement \u00e0 l&rsquo;auteur des pages. Toute reproduction ou utilisation d&rsquo;objets tels que des diagrammes, des sons ou des textes dans d&rsquo;autres publications \u00e9lectroniques ou imprim\u00e9es n&rsquo;est pas autoris\u00e9e sans l&rsquo;accord de l&rsquo;auteur.<\/p>\n\n\n\n<h3 class=\"wp-block-heading\">4. validit\u00e9 juridique de la pr\u00e9sente clause de non-responsabilit\u00e9<\/h3>\n\n\n\n<p>La pr\u00e9sente clause de non-responsabilit\u00e9 doit \u00eatre consid\u00e9r\u00e9e comme faisant partie de la publication Internet qui vous a renvoy\u00e9 \u00e0 cette page. Si certaines parties ou certains termes de cette d\u00e9claration ne sont pas l\u00e9gaux ou corrects, le contenu ou la validit\u00e9 des autres parties ne sont pas affect\u00e9s par ce fait.<\/p>\n\n\n\n<p>R\u00e9solution des litiges en ligne selon l&rsquo;art. 14, al. 1 ODR-VO : La Commission europ\u00e9enne met \u00e0 disposition une plateforme de r\u00e8glement des litiges en ligne (OS), \u00e0 laquelle vous pouvez acc\u00e9der \u00e0 l&rsquo;adresse suivante<br>http:\/\/ec.europa.eu\/consumers\/odr\/<\/p>\n","protected":false},"excerpt":{"rendered":"<p>Mentions l\u00e9gales Responsable du contenu:Ludovic Fourest \/ Tanzparcours Am Neuen Garten 5, 14469 Potsdam Deutschlandcontact@freiluftzimmer.eu Mise en \u0153uvre du site web: Swen St\u00f6tzer \/ swen.stoetzer(at)gmail.com Clause de non-responsabilit\u00e9 1. contenu de l&rsquo;offre en ligne L&rsquo;auteur d\u00e9cline toute responsabilit\u00e9 quant \u00e0 l&rsquo;actualit\u00e9, l&rsquo;exactitude, l&rsquo;exhaustivit\u00e9 ou la qualit\u00e9 des informations fournies. Les pr\u00e9tentions en responsabilit\u00e9 contre l&rsquo;auteur,&hellip; <br \/> <a class=\"button small blue\" href=\"https:\/\/freiluftzimmer.eu\/fr\/mentions-legales\/\">Lire la suite<\/a><\/p>\n","protected":false},"author":1,"featured_media":0,"parent":0,"menu_order":0,"comment_status":"closed","ping_status":"closed","template":"","meta":{"footnotes":""},"class_list":["post-576","page","type-page","status-publish","hentry"],"_links":{"self":[{"href":"https:\/\/freiluftzimmer.eu\/fr\/wp-json\/wp\/v2\/pages\/576","targetHints":{"allow":["GET"]}}],"collection":[{"href":"https:\/\/freiluftzimmer.eu\/fr\/wp-json\/wp\/v2\/pages"}],"about":[{"href":"https:\/\/freiluftzimmer.eu\/fr\/wp-json\/wp\/v2\/types\/page"}],"author":[{"embeddable":true,"href":"https:\/\/freiluftzimmer.eu\/fr\/wp-json\/wp\/v2\/users\/1"}],"replies":[{"embeddable":true,"href":"https:\/\/freiluftzimmer.eu\/fr\/wp-json\/wp\/v2\/comments?post=576"}],"version-history":[{"count":3,"href":"https:\/\/freiluftzimmer.eu\/fr\/wp-json\/wp\/v2\/pages\/576\/revisions"}],"predecessor-version":[{"id":671,"href":"https:\/\/freiluftzimmer.eu\/fr\/wp-json\/wp\/v2\/pages\/576\/revisions\/671"}],"wp:attachment":[{"href":"https:\/\/freiluftzimmer.eu\/fr\/wp-json\/wp\/v2\/media?parent=576"}],"curies":[{"name":"wp","href":"https:\/\/api.w.org\/{rel}","templated":true}]}}